{"id":2147,"date":"2025-08-06T23:41:04","date_gmt":"2025-08-06T23:41:04","guid":{"rendered":"https:\/\/festines.bcardmexico.com\/?product=palomeras-mini-11"},"modified":"2025-08-22T16:46:22","modified_gmt":"2025-08-22T16:46:22","slug":"palomeras-mini-11","status":"publish","type":"product","link":"https:\/\/festines.bcardmexico.com\/?product=palomeras-mini-11","title":{"rendered":"Palomeras mini"},"content":{"rendered":"<p>\u00bfEst\u00e1s organizando una fiesta inolvidable? \u00a1Agrega un toque m\u00e1gico con nuestras Palomeras Mini Personalizadas! Son perfectas para entregar palomitas, dulces o regalitos\u00a0<span class=\"html-span xexx8yu xyri2b x18d9i69 x1c1uobl x1hl2dhg x16tdsg8 x1vvkbs x3nfvp2 x1j61x8r x1fcty0u xdj266r xat24cr xm2jcoa x1mpyi22 xxymvpz xlup9mm x1kky2od\"><img loading=\"lazy\" loading=\"lazy\" decoding=\"async\" class=\"xz74otr x15mokao x1ga7v0g x16uus16 xbiv7yw\" src=\"https:\/\/static.xx.fbcdn.net\/images\/emoji.php\/v9\/t84\/1\/16\/1f381.png\" alt=\"\ud83c\udf81\" width=\"16\" height=\"16\" \/><\/span>. \u00a1Los ni\u00f1os las aman!<\/p>\n","protected":false},"excerpt":{"rendered":"<p>&nbsp;<\/p>\n<h4>\u00a0 \u00a0 \u00a0 \u00a0 \u00a0 \u00a0 \u00a0 \u00a0 \u00a0 \u00a0 \u00a0 \u00a0 \u00a0 \u00a0 \u00a0 \u00a0 \u00a0 \u00a0 \u00a0 \u00a0 \u00a0 \u00a0 \u00a0 \u00a0 Paquete con 10 Piezas<\/h4>\n","protected":false},"featured_media":2146,"comment_status":"open","ping_status":"closed","template":"","meta":[],"etheme_brands":[],"product_brand":[],"product_cat":[45],"product_tag":[],"class_list":{"0":"post-2147","1":"product","2":"type-product","3":"status-publish","4":"has-post-thumbnail","6":"product_cat-palomeras-mini","8":"first","9":"instock","10":"shipping-taxable","11":"purchasable","12":"product-type-simple"},"yoast_head":"<!-- This site is optimized with the Yoast SEO Premium plugin v23.4 (Yoast SEO v23.4) - https:\/\/yoast.com\/wordpress\/plugins\/seo\/ -->\n<title>Palomeras mini - Ultimate Blogging Championship<\/title>\n<meta name=\"description\" content=\"\u00bfEst\u00e1s organizando una fiesta inolvidable? \u00a1Agrega un toque m\u00e1gico con nuestras Palomeras Mini Personalizadas! Son perfectas para entregar palomitas, dulces o regalitos \ud83c\udf81. \u00a1Los ni\u00f1os las aman!\" \/>\n<meta name=\"robots\" content=\"index, follow, max-snippet:-1, max-image-preview:large, max-video-preview:-1\" \/>\n<link rel=\"canonical\" href=\"https:\/\/festines.bcardmexico.com\/?product=palomeras-mini-11\" \/>\n<meta property=\"og:locale\" content=\"en_US\" \/>\n<meta property=\"og:type\" content=\"article\" \/>\n<meta property=\"og:title\" content=\"Palomeras mini\" \/>\n<meta property=\"og:description\" content=\"\u00bfEst\u00e1s organizando una fiesta inolvidable? \u00a1Agrega un toque m\u00e1gico con nuestras Palomeras Mini Personalizadas! Son perfectas para entregar palomitas, dulces o regalitos \ud83c\udf81. \u00a1Los ni\u00f1os las aman!\" \/>\n<meta property=\"og:url\" content=\"https:\/\/festines.bcardmexico.com\/?product=palomeras-mini-11\" \/>\n<meta property=\"og:site_name\" content=\"Ultimate Blogging Championship\" \/>\n<meta property=\"article:modified_time\" content=\"2025-08-22T16:46:22+00:00\" \/>\n<meta property=\"og:image\" content=\"https:\/\/festines.bcardmexico.com\/wp-content\/uploads\/2025\/08\/mini11.jpg\" \/>\n\t<meta property=\"og:image:width\" content=\"810\" \/>\n\t<meta property=\"og:image:height\" content=\"750\" \/>\n\t<meta property=\"og:image:type\" content=\"image\/jpeg\" \/>\n<meta name=\"twitter:card\" content=\"summary_large_image\" \/>\n<meta name=\"twitter:label1\" content=\"Est. reading time\" \/>\n\t<meta name=\"twitter:data1\" content=\"1 minute\" \/>\n<script type=\"application\/ld+json\" class=\"yoast-schema-graph\">{\"@context\":\"https:\/\/schema.org\",\"@graph\":[{\"@type\":\"WebPage\",\"@id\":\"https:\/\/festines.bcardmexico.com\/?product=palomeras-mini-11\",\"url\":\"https:\/\/festines.bcardmexico.com\/?product=palomeras-mini-11\",\"name\":\"Palomeras mini - Ultimate Blogging Championship\",\"isPartOf\":{\"@id\":\"https:\/\/festines.bcardmexico.com\/#website\"},\"primaryImageOfPage\":{\"@id\":\"https:\/\/festines.bcardmexico.com\/?product=palomeras-mini-11#primaryimage\"},\"image\":{\"@id\":\"https:\/\/festines.bcardmexico.com\/?product=palomeras-mini-11#primaryimage\"},\"thumbnailUrl\":\"https:\/\/festines.bcardmexico.com\/wp-content\/uploads\/2025\/08\/mini11.jpg\",\"datePublished\":\"2025-08-06T23:41:04+00:00\",\"dateModified\":\"2025-08-22T16:46:22+00:00\",\"description\":\"\u00bfEst\u00e1s organizando una fiesta inolvidable? \u00a1Agrega un toque m\u00e1gico con nuestras Palomeras Mini Personalizadas! Son perfectas para entregar palomitas, dulces o regalitos \ud83c\udf81. \u00a1Los ni\u00f1os las aman!\",\"breadcrumb\":{\"@id\":\"https:\/\/festines.bcardmexico.com\/?product=palomeras-mini-11#breadcrumb\"},\"inLanguage\":\"en-US\",\"potentialAction\":[{\"@type\":\"ReadAction\",\"target\":[\"https:\/\/festines.bcardmexico.com\/?product=palomeras-mini-11\"]}]},{\"@type\":\"ImageObject\",\"inLanguage\":\"en-US\",\"@id\":\"https:\/\/festines.bcardmexico.com\/?product=palomeras-mini-11#primaryimage\",\"url\":\"https:\/\/festines.bcardmexico.com\/wp-content\/uploads\/2025\/08\/mini11.jpg\",\"contentUrl\":\"https:\/\/festines.bcardmexico.com\/wp-content\/uploads\/2025\/08\/mini11.jpg\",\"width\":810,\"height\":750},{\"@type\":\"BreadcrumbList\",\"@id\":\"https:\/\/festines.bcardmexico.com\/?product=palomeras-mini-11#breadcrumb\",\"itemListElement\":[{\"@type\":\"ListItem\",\"position\":1,\"name\":\"Home\",\"item\":\"https:\/\/festines.bcardmexico.com\/\"},{\"@type\":\"ListItem\",\"position\":2,\"name\":\"Products\",\"item\":\"https:\/\/festines.bcardmexico.com\/?post_type=product\"},{\"@type\":\"ListItem\",\"position\":3,\"name\":\"Palomeras mini\"}]},{\"@type\":\"WebSite\",\"@id\":\"https:\/\/festines.bcardmexico.com\/#website\",\"url\":\"https:\/\/festines.bcardmexico.com\/\",\"name\":\"Peque\u00f1os Festines\",\"description\":\"Peque\u00f1os Festines\",\"alternateName\":\"Peque\u00f1os Festines\",\"potentialAction\":[{\"@type\":\"SearchAction\",\"target\":{\"@type\":\"EntryPoint\",\"urlTemplate\":\"https:\/\/festines.bcardmexico.com\/?s={search_term_string}\"},\"query-input\":{\"@type\":\"PropertyValueSpecification\",\"valueRequired\":true,\"valueName\":\"search_term_string\"}}],\"inLanguage\":\"en-US\"}]}<\/script>\n<!-- \/ Yoast SEO Premium plugin. -->","yoast_head_json":{"title":"Palomeras mini - Ultimate Blogging Championship","description":"\u00bfEst\u00e1s organizando una fiesta inolvidable? \u00a1Agrega un toque m\u00e1gico con nuestras Palomeras Mini Personalizadas! Son perfectas para entregar palomitas, dulces o regalitos \ud83c\udf81. \u00a1Los ni\u00f1os las aman!","robots":{"index":"index","follow":"follow","max-snippet":"max-snippet:-1","max-image-preview":"max-image-preview:large","max-video-preview":"max-video-preview:-1"},"canonical":"https:\/\/festines.bcardmexico.com\/?product=palomeras-mini-11","og_locale":"en_US","og_type":"article","og_title":"Palomeras mini","og_description":"\u00bfEst\u00e1s organizando una fiesta inolvidable? \u00a1Agrega un toque m\u00e1gico con nuestras Palomeras Mini Personalizadas! Son perfectas para entregar palomitas, dulces o regalitos \ud83c\udf81. \u00a1Los ni\u00f1os las aman!","og_url":"https:\/\/festines.bcardmexico.com\/?product=palomeras-mini-11","og_site_name":"Ultimate Blogging Championship","article_modified_time":"2025-08-22T16:46:22+00:00","og_image":[{"width":810,"height":750,"url":"https:\/\/festines.bcardmexico.com\/wp-content\/uploads\/2025\/08\/mini11.jpg","type":"image\/jpeg"}],"twitter_card":"summary_large_image","twitter_misc":{"Est. reading time":"1 minute"},"schema":{"@context":"https:\/\/schema.org","@graph":[{"@type":"WebPage","@id":"https:\/\/festines.bcardmexico.com\/?product=palomeras-mini-11","url":"https:\/\/festines.bcardmexico.com\/?product=palomeras-mini-11","name":"Palomeras mini - Ultimate Blogging Championship","isPartOf":{"@id":"https:\/\/festines.bcardmexico.com\/#website"},"primaryImageOfPage":{"@id":"https:\/\/festines.bcardmexico.com\/?product=palomeras-mini-11#primaryimage"},"image":{"@id":"https:\/\/festines.bcardmexico.com\/?product=palomeras-mini-11#primaryimage"},"thumbnailUrl":"https:\/\/festines.bcardmexico.com\/wp-content\/uploads\/2025\/08\/mini11.jpg","datePublished":"2025-08-06T23:41:04+00:00","dateModified":"2025-08-22T16:46:22+00:00","description":"\u00bfEst\u00e1s organizando una fiesta inolvidable? \u00a1Agrega un toque m\u00e1gico con nuestras Palomeras Mini Personalizadas! Son perfectas para entregar palomitas, dulces o regalitos \ud83c\udf81. \u00a1Los ni\u00f1os las aman!","breadcrumb":{"@id":"https:\/\/festines.bcardmexico.com\/?product=palomeras-mini-11#breadcrumb"},"inLanguage":"en-US","potentialAction":[{"@type":"ReadAction","target":["https:\/\/festines.bcardmexico.com\/?product=palomeras-mini-11"]}]},{"@type":"ImageObject","inLanguage":"en-US","@id":"https:\/\/festines.bcardmexico.com\/?product=palomeras-mini-11#primaryimage","url":"https:\/\/festines.bcardmexico.com\/wp-content\/uploads\/2025\/08\/mini11.jpg","contentUrl":"https:\/\/festines.bcardmexico.com\/wp-content\/uploads\/2025\/08\/mini11.jpg","width":810,"height":750},{"@type":"BreadcrumbList","@id":"https:\/\/festines.bcardmexico.com\/?product=palomeras-mini-11#breadcrumb","itemListElement":[{"@type":"ListItem","position":1,"name":"Home","item":"https:\/\/festines.bcardmexico.com\/"},{"@type":"ListItem","position":2,"name":"Products","item":"https:\/\/festines.bcardmexico.com\/?post_type=product"},{"@type":"ListItem","position":3,"name":"Palomeras mini"}]},{"@type":"WebSite","@id":"https:\/\/festines.bcardmexico.com\/#website","url":"https:\/\/festines.bcardmexico.com\/","name":"Peque\u00f1os Festines","description":"Peque\u00f1os Festines","alternateName":"Peque\u00f1os Festines","potentialAction":[{"@type":"SearchAction","target":{"@type":"EntryPoint","urlTemplate":"https:\/\/festines.bcardmexico.com\/?s={search_term_string}"},"query-input":{"@type":"PropertyValueSpecification","valueRequired":true,"valueName":"search_term_string"}}],"inLanguage":"en-US"}]}},"_links":{"self":[{"href":"https:\/\/festines.bcardmexico.com\/index.php?rest_route=\/wp\/v2\/product\/2147","targetHints":{"allow":["GET"]}}],"collection":[{"href":"https:\/\/festines.bcardmexico.com\/index.php?rest_route=\/wp\/v2\/product"}],"about":[{"href":"https:\/\/festines.bcardmexico.com\/index.php?rest_route=\/wp\/v2\/types\/product"}],"replies":[{"embeddable":true,"href":"https:\/\/festines.bcardmexico.com\/index.php?rest_route=%2Fwp%2Fv2%2Fcomments&post=2147"}],"version-history":[{"count":2,"href":"https:\/\/festines.bcardmexico.com\/index.php?rest_route=\/wp\/v2\/product\/2147\/revisions"}],"predecessor-version":[{"id":2257,"href":"https:\/\/festines.bcardmexico.com\/index.php?rest_route=\/wp\/v2\/product\/2147\/revisions\/2257"}],"wp:featuredmedia":[{"embeddable":true,"href":"https:\/\/festines.bcardmexico.com\/index.php?rest_route=\/wp\/v2\/media\/2146"}],"wp:attachment":[{"href":"https:\/\/festines.bcardmexico.com\/index.php?rest_route=%2Fwp%2Fv2%2Fmedia&parent=2147"}],"wp:term":[{"taxonomy":"brand","embeddable":true,"href":"https:\/\/festines.bcardmexico.com\/index.php?rest_route=%2Fwp%2Fv2%2Fetheme_brands&post=2147"},{"taxonomy":"product_brand","embeddable":true,"href":"https:\/\/festines.bcardmexico.com\/index.php?rest_route=%2Fwp%2Fv2%2Fproduct_brand&post=2147"},{"taxonomy":"product_cat","embeddable":true,"href":"https:\/\/festines.bcardmexico.com\/index.php?rest_route=%2Fwp%2Fv2%2Fproduct_cat&post=2147"},{"taxonomy":"product_tag","embeddable":true,"href":"https:\/\/festines.bcardmexico.com\/index.php?rest_route=%2Fwp%2Fv2%2Fproduct_tag&post=2147"}],"curies":[{"name":"wp","href":"https:\/\/api.w.org\/{rel}","templated":true}]}}