{"id":2128,"date":"2025-08-06T23:40:50","date_gmt":"2025-08-06T23:40:50","guid":{"rendered":"https:\/\/festines.bcardmexico.com\/?product=palomeras-mini"},"modified":"2025-08-06T23:40:51","modified_gmt":"2025-08-06T23:40:51","slug":"palomeras-mini","status":"publish","type":"product","link":"https:\/\/festines.bcardmexico.com\/?product=palomeras-mini","title":{"rendered":"Palomeras mini"},"content":{"rendered":"<p>Cajitas mini Palomeras para Fiesta varios personajes<\/p>\n","protected":false},"excerpt":{"rendered":"<p>Cajitas mini Palomeras para Fiesta varios personajes<\/p>\n","protected":false},"featured_media":2127,"comment_status":"open","ping_status":"closed","template":"","meta":[],"etheme_brands":[],"product_brand":[],"product_cat":[45],"product_tag":[],"class_list":{"0":"post-2128","1":"product","2":"type-product","3":"status-publish","4":"has-post-thumbnail","6":"product_cat-palomeras-mini","8":"first","9":"instock","10":"shipping-taxable","11":"purchasable","12":"product-type-simple"},"yoast_head":"<!-- This site is optimized with the Yoast SEO Premium plugin v23.4 (Yoast SEO v23.4) - https:\/\/yoast.com\/wordpress\/plugins\/seo\/ -->\n<title>Palomeras mini - Ultimate Blogging Championship<\/title>\n<meta name=\"robots\" content=\"index, follow, max-snippet:-1, max-image-preview:large, max-video-preview:-1\" \/>\n<link rel=\"canonical\" href=\"https:\/\/festines.bcardmexico.com\/?product=palomeras-mini\" \/>\n<meta property=\"og:locale\" content=\"en_US\" \/>\n<meta property=\"og:type\" content=\"article\" \/>\n<meta property=\"og:title\" content=\"Palomeras mini\" \/>\n<meta property=\"og:description\" content=\"Cajitas mini Palomeras para Fiesta varios personajes\" \/>\n<meta property=\"og:url\" content=\"https:\/\/festines.bcardmexico.com\/?product=palomeras-mini\" \/>\n<meta property=\"og:site_name\" content=\"Ultimate Blogging Championship\" \/>\n<meta property=\"article:modified_time\" content=\"2025-08-06T23:40:51+00:00\" \/>\n<meta property=\"og:image\" content=\"https:\/\/festines.bcardmexico.com\/wp-content\/uploads\/2025\/07\/minimini.jpg\" \/>\n\t<meta property=\"og:image:width\" content=\"825\" \/>\n\t<meta property=\"og:image:height\" content=\"828\" \/>\n\t<meta property=\"og:image:type\" content=\"image\/jpeg\" \/>\n<meta name=\"twitter:card\" content=\"summary_large_image\" \/>\n<script type=\"application\/ld+json\" class=\"yoast-schema-graph\">{\"@context\":\"https:\/\/schema.org\",\"@graph\":[{\"@type\":\"WebPage\",\"@id\":\"https:\/\/festines.bcardmexico.com\/?product=palomeras-mini\",\"url\":\"https:\/\/festines.bcardmexico.com\/?product=palomeras-mini\",\"name\":\"Palomeras mini - Ultimate Blogging Championship\",\"isPartOf\":{\"@id\":\"https:\/\/festines.bcardmexico.com\/#website\"},\"primaryImageOfPage\":{\"@id\":\"https:\/\/festines.bcardmexico.com\/?product=palomeras-mini#primaryimage\"},\"image\":{\"@id\":\"https:\/\/festines.bcardmexico.com\/?product=palomeras-mini#primaryimage\"},\"thumbnailUrl\":\"https:\/\/festines.bcardmexico.com\/wp-content\/uploads\/2025\/08\/mini1.jpg\",\"datePublished\":\"2025-08-06T23:40:50+00:00\",\"dateModified\":\"2025-08-06T23:40:51+00:00\",\"breadcrumb\":{\"@id\":\"https:\/\/festines.bcardmexico.com\/?product=palomeras-mini#breadcrumb\"},\"inLanguage\":\"en-US\",\"potentialAction\":[{\"@type\":\"ReadAction\",\"target\":[\"https:\/\/festines.bcardmexico.com\/?product=palomeras-mini\"]}]},{\"@type\":\"ImageObject\",\"inLanguage\":\"en-US\",\"@id\":\"https:\/\/festines.bcardmexico.com\/?product=palomeras-mini#primaryimage\",\"url\":\"https:\/\/festines.bcardmexico.com\/wp-content\/uploads\/2025\/08\/mini1.jpg\",\"contentUrl\":\"https:\/\/festines.bcardmexico.com\/wp-content\/uploads\/2025\/08\/mini1.jpg\",\"width\":810,\"height\":750},{\"@type\":\"BreadcrumbList\",\"@id\":\"https:\/\/festines.bcardmexico.com\/?product=palomeras-mini#breadcrumb\",\"itemListElement\":[{\"@type\":\"ListItem\",\"position\":1,\"name\":\"Home\",\"item\":\"https:\/\/festines.bcardmexico.com\/\"},{\"@type\":\"ListItem\",\"position\":2,\"name\":\"Products\",\"item\":\"https:\/\/festines.bcardmexico.com\/?post_type=product\"},{\"@type\":\"ListItem\",\"position\":3,\"name\":\"Palomeras mini\"}]},{\"@type\":\"WebSite\",\"@id\":\"https:\/\/festines.bcardmexico.com\/#website\",\"url\":\"https:\/\/festines.bcardmexico.com\/\",\"name\":\"Peque\u00f1os Festines\",\"description\":\"Peque\u00f1os Festines\",\"alternateName\":\"Peque\u00f1os Festines\",\"potentialAction\":[{\"@type\":\"SearchAction\",\"target\":{\"@type\":\"EntryPoint\",\"urlTemplate\":\"https:\/\/festines.bcardmexico.com\/?s={search_term_string}\"},\"query-input\":{\"@type\":\"PropertyValueSpecification\",\"valueRequired\":true,\"valueName\":\"search_term_string\"}}],\"inLanguage\":\"en-US\"}]}<\/script>\n<!-- \/ Yoast SEO Premium plugin. -->","yoast_head_json":{"title":"Palomeras mini - Ultimate Blogging Championship","robots":{"index":"index","follow":"follow","max-snippet":"max-snippet:-1","max-image-preview":"max-image-preview:large","max-video-preview":"max-video-preview:-1"},"canonical":"https:\/\/festines.bcardmexico.com\/?product=palomeras-mini","og_locale":"en_US","og_type":"article","og_title":"Palomeras mini","og_description":"Cajitas mini Palomeras para Fiesta varios personajes","og_url":"https:\/\/festines.bcardmexico.com\/?product=palomeras-mini","og_site_name":"Ultimate Blogging Championship","article_modified_time":"2025-08-06T23:40:51+00:00","og_image":[{"width":825,"height":828,"url":"https:\/\/festines.bcardmexico.com\/wp-content\/uploads\/2025\/07\/minimini.jpg","type":"image\/jpeg"}],"twitter_card":"summary_large_image","schema":{"@context":"https:\/\/schema.org","@graph":[{"@type":"WebPage","@id":"https:\/\/festines.bcardmexico.com\/?product=palomeras-mini","url":"https:\/\/festines.bcardmexico.com\/?product=palomeras-mini","name":"Palomeras mini - Ultimate Blogging Championship","isPartOf":{"@id":"https:\/\/festines.bcardmexico.com\/#website"},"primaryImageOfPage":{"@id":"https:\/\/festines.bcardmexico.com\/?product=palomeras-mini#primaryimage"},"image":{"@id":"https:\/\/festines.bcardmexico.com\/?product=palomeras-mini#primaryimage"},"thumbnailUrl":"https:\/\/festines.bcardmexico.com\/wp-content\/uploads\/2025\/08\/mini1.jpg","datePublished":"2025-08-06T23:40:50+00:00","dateModified":"2025-08-06T23:40:51+00:00","breadcrumb":{"@id":"https:\/\/festines.bcardmexico.com\/?product=palomeras-mini#breadcrumb"},"inLanguage":"en-US","potentialAction":[{"@type":"ReadAction","target":["https:\/\/festines.bcardmexico.com\/?product=palomeras-mini"]}]},{"@type":"ImageObject","inLanguage":"en-US","@id":"https:\/\/festines.bcardmexico.com\/?product=palomeras-mini#primaryimage","url":"https:\/\/festines.bcardmexico.com\/wp-content\/uploads\/2025\/08\/mini1.jpg","contentUrl":"https:\/\/festines.bcardmexico.com\/wp-content\/uploads\/2025\/08\/mini1.jpg","width":810,"height":750},{"@type":"BreadcrumbList","@id":"https:\/\/festines.bcardmexico.com\/?product=palomeras-mini#breadcrumb","itemListElement":[{"@type":"ListItem","position":1,"name":"Home","item":"https:\/\/festines.bcardmexico.com\/"},{"@type":"ListItem","position":2,"name":"Products","item":"https:\/\/festines.bcardmexico.com\/?post_type=product"},{"@type":"ListItem","position":3,"name":"Palomeras mini"}]},{"@type":"WebSite","@id":"https:\/\/festines.bcardmexico.com\/#website","url":"https:\/\/festines.bcardmexico.com\/","name":"Peque\u00f1os Festines","description":"Peque\u00f1os Festines","alternateName":"Peque\u00f1os Festines","potentialAction":[{"@type":"SearchAction","target":{"@type":"EntryPoint","urlTemplate":"https:\/\/festines.bcardmexico.com\/?s={search_term_string}"},"query-input":{"@type":"PropertyValueSpecification","valueRequired":true,"valueName":"search_term_string"}}],"inLanguage":"en-US"}]}},"_links":{"self":[{"href":"https:\/\/festines.bcardmexico.com\/index.php?rest_route=\/wp\/v2\/product\/2128","targetHints":{"allow":["GET"]}}],"collection":[{"href":"https:\/\/festines.bcardmexico.com\/index.php?rest_route=\/wp\/v2\/product"}],"about":[{"href":"https:\/\/festines.bcardmexico.com\/index.php?rest_route=\/wp\/v2\/types\/product"}],"replies":[{"embeddable":true,"href":"https:\/\/festines.bcardmexico.com\/index.php?rest_route=%2Fwp%2Fv2%2Fcomments&post=2128"}],"version-history":[{"count":0,"href":"https:\/\/festines.bcardmexico.com\/index.php?rest_route=\/wp\/v2\/product\/2128\/revisions"}],"wp:featuredmedia":[{"embeddable":true,"href":"https:\/\/festines.bcardmexico.com\/index.php?rest_route=\/wp\/v2\/media\/2127"}],"wp:attachment":[{"href":"https:\/\/festines.bcardmexico.com\/index.php?rest_route=%2Fwp%2Fv2%2Fmedia&parent=2128"}],"wp:term":[{"taxonomy":"brand","embeddable":true,"href":"https:\/\/festines.bcardmexico.com\/index.php?rest_route=%2Fwp%2Fv2%2Fetheme_brands&post=2128"},{"taxonomy":"product_brand","embeddable":true,"href":"https:\/\/festines.bcardmexico.com\/index.php?rest_route=%2Fwp%2Fv2%2Fproduct_brand&post=2128"},{"taxonomy":"product_cat","embeddable":true,"href":"https:\/\/festines.bcardmexico.com\/index.php?rest_route=%2Fwp%2Fv2%2Fproduct_cat&post=2128"},{"taxonomy":"product_tag","embeddable":true,"href":"https:\/\/festines.bcardmexico.com\/index.php?rest_route=%2Fwp%2Fv2%2Fproduct_tag&post=2128"}],"curies":[{"name":"wp","href":"https:\/\/api.w.org\/{rel}","templated":true}]}}