{"id":1742,"date":"2025-07-11T20:45:34","date_gmt":"2025-07-11T20:45:34","guid":{"rendered":"https:\/\/festines.bcardmexico.com\/?post_type=product&#038;p=1742"},"modified":"2025-08-15T00:04:51","modified_gmt":"2025-08-15T00:04:51","slug":"dulcero-de-frosen","status":"publish","type":"product","link":"https:\/\/festines.bcardmexico.com\/?product=dulcero-de-frosen","title":{"rendered":"Caja de Dulces Pau Patrol"},"content":{"rendered":"","protected":false},"excerpt":{"rendered":"<p>40 Duceron por el precio<\/p>\n<p>&nbsp;<\/p>\n<p>Contamos con platos, vasos, manteles, cajas para palomitas, caja para dulceros, globos, n\u00fameros y todo para tu fiesta.<\/p>\n<p>Arma tu paquete agreg\u00e1ndolo a tu carrito.<\/p>\n<p>Garant\u00eda: Brindaremos un servicio 100% satisfactorio para resolver sus dudas.<\/p>\n","protected":false},"featured_media":1740,"comment_status":"open","ping_status":"closed","template":"","meta":[],"etheme_brands":[],"product_brand":[],"product_cat":[35],"product_tag":[],"class_list":{"0":"post-1742","1":"product","2":"type-product","3":"status-publish","4":"has-post-thumbnail","6":"product_cat-caja-de-dulces","8":"first","9":"instock","10":"shipping-taxable","11":"purchasable","12":"product-type-simple"},"yoast_head":"<!-- This site is optimized with the Yoast SEO Premium plugin v23.4 (Yoast SEO v23.4) - https:\/\/yoast.com\/wordpress\/plugins\/seo\/ -->\n<title>Caja de Dulces Pau Patrol - Ultimate Blogging Championship<\/title>\n<meta name=\"robots\" content=\"index, follow, max-snippet:-1, max-image-preview:large, max-video-preview:-1\" \/>\n<link rel=\"canonical\" href=\"https:\/\/festines.bcardmexico.com\/?product=dulcero-de-frosen\" \/>\n<meta property=\"og:locale\" content=\"en_US\" \/>\n<meta property=\"og:type\" content=\"article\" \/>\n<meta property=\"og:title\" content=\"Caja de Dulces Pau Patrol\" \/>\n<meta property=\"og:description\" content=\"40 Duceron por el precio  &nbsp;  Contamos con platos, vasos, manteles, cajas para palomitas, caja para dulceros, globos, n\u00fameros y todo para tu fiesta.  Arma tu paquete agreg\u00e1ndolo a tu carrito.  Garant\u00eda: Brindaremos un servicio 100% satisfactorio para resolver sus dudas.\" \/>\n<meta property=\"og:url\" content=\"https:\/\/festines.bcardmexico.com\/?product=dulcero-de-frosen\" \/>\n<meta property=\"og:site_name\" content=\"Ultimate Blogging Championship\" \/>\n<meta property=\"article:modified_time\" content=\"2025-08-15T00:04:51+00:00\" \/>\n<meta property=\"og:image\" content=\"https:\/\/festines.bcardmexico.com\/wp-content\/uploads\/2025\/07\/paw.jpg\" \/>\n\t<meta property=\"og:image:width\" content=\"810\" \/>\n\t<meta property=\"og:image:height\" content=\"750\" \/>\n\t<meta property=\"og:image:type\" content=\"image\/jpeg\" \/>\n<meta name=\"twitter:card\" content=\"summary_large_image\" \/>\n<meta name=\"twitter:label1\" content=\"Est. reading time\" \/>\n\t<meta name=\"twitter:data1\" content=\"1 minute\" \/>\n<script type=\"application\/ld+json\" class=\"yoast-schema-graph\">{\"@context\":\"https:\/\/schema.org\",\"@graph\":[{\"@type\":\"WebPage\",\"@id\":\"https:\/\/festines.bcardmexico.com\/?product=dulcero-de-frosen\",\"url\":\"https:\/\/festines.bcardmexico.com\/?product=dulcero-de-frosen\",\"name\":\"Caja de Dulces Pau Patrol - Ultimate Blogging Championship\",\"isPartOf\":{\"@id\":\"https:\/\/festines.bcardmexico.com\/#website\"},\"primaryImageOfPage\":{\"@id\":\"https:\/\/festines.bcardmexico.com\/?product=dulcero-de-frosen#primaryimage\"},\"image\":{\"@id\":\"https:\/\/festines.bcardmexico.com\/?product=dulcero-de-frosen#primaryimage\"},\"thumbnailUrl\":\"https:\/\/festines.bcardmexico.com\/wp-content\/uploads\/2025\/07\/paw.jpg\",\"datePublished\":\"2025-07-11T20:45:34+00:00\",\"dateModified\":\"2025-08-15T00:04:51+00:00\",\"breadcrumb\":{\"@id\":\"https:\/\/festines.bcardmexico.com\/?product=dulcero-de-frosen#breadcrumb\"},\"inLanguage\":\"en-US\",\"potentialAction\":[{\"@type\":\"ReadAction\",\"target\":[\"https:\/\/festines.bcardmexico.com\/?product=dulcero-de-frosen\"]}]},{\"@type\":\"ImageObject\",\"inLanguage\":\"en-US\",\"@id\":\"https:\/\/festines.bcardmexico.com\/?product=dulcero-de-frosen#primaryimage\",\"url\":\"https:\/\/festines.bcardmexico.com\/wp-content\/uploads\/2025\/07\/paw.jpg\",\"contentUrl\":\"https:\/\/festines.bcardmexico.com\/wp-content\/uploads\/2025\/07\/paw.jpg\",\"width\":810,\"height\":750},{\"@type\":\"BreadcrumbList\",\"@id\":\"https:\/\/festines.bcardmexico.com\/?product=dulcero-de-frosen#breadcrumb\",\"itemListElement\":[{\"@type\":\"ListItem\",\"position\":1,\"name\":\"Home\",\"item\":\"https:\/\/festines.bcardmexico.com\/\"},{\"@type\":\"ListItem\",\"position\":2,\"name\":\"Products\",\"item\":\"https:\/\/festines.bcardmexico.com\/?post_type=product\"},{\"@type\":\"ListItem\",\"position\":3,\"name\":\"Caja de Dulces Pau Patrol\"}]},{\"@type\":\"WebSite\",\"@id\":\"https:\/\/festines.bcardmexico.com\/#website\",\"url\":\"https:\/\/festines.bcardmexico.com\/\",\"name\":\"Peque\u00f1os Festines\",\"description\":\"Peque\u00f1os Festines\",\"alternateName\":\"Peque\u00f1os Festines\",\"potentialAction\":[{\"@type\":\"SearchAction\",\"target\":{\"@type\":\"EntryPoint\",\"urlTemplate\":\"https:\/\/festines.bcardmexico.com\/?s={search_term_string}\"},\"query-input\":{\"@type\":\"PropertyValueSpecification\",\"valueRequired\":true,\"valueName\":\"search_term_string\"}}],\"inLanguage\":\"en-US\"}]}<\/script>\n<!-- \/ Yoast SEO Premium plugin. -->","yoast_head_json":{"title":"Caja de Dulces Pau Patrol - Ultimate Blogging Championship","robots":{"index":"index","follow":"follow","max-snippet":"max-snippet:-1","max-image-preview":"max-image-preview:large","max-video-preview":"max-video-preview:-1"},"canonical":"https:\/\/festines.bcardmexico.com\/?product=dulcero-de-frosen","og_locale":"en_US","og_type":"article","og_title":"Caja de Dulces Pau Patrol","og_description":"40 Duceron por el precio  &nbsp;  Contamos con platos, vasos, manteles, cajas para palomitas, caja para dulceros, globos, n\u00fameros y todo para tu fiesta.  Arma tu paquete agreg\u00e1ndolo a tu carrito.  Garant\u00eda: Brindaremos un servicio 100% satisfactorio para resolver sus dudas.","og_url":"https:\/\/festines.bcardmexico.com\/?product=dulcero-de-frosen","og_site_name":"Ultimate Blogging Championship","article_modified_time":"2025-08-15T00:04:51+00:00","og_image":[{"width":810,"height":750,"url":"https:\/\/festines.bcardmexico.com\/wp-content\/uploads\/2025\/07\/paw.jpg","type":"image\/jpeg"}],"twitter_card":"summary_large_image","twitter_misc":{"Est. reading time":"1 minute"},"schema":{"@context":"https:\/\/schema.org","@graph":[{"@type":"WebPage","@id":"https:\/\/festines.bcardmexico.com\/?product=dulcero-de-frosen","url":"https:\/\/festines.bcardmexico.com\/?product=dulcero-de-frosen","name":"Caja de Dulces Pau Patrol - Ultimate Blogging Championship","isPartOf":{"@id":"https:\/\/festines.bcardmexico.com\/#website"},"primaryImageOfPage":{"@id":"https:\/\/festines.bcardmexico.com\/?product=dulcero-de-frosen#primaryimage"},"image":{"@id":"https:\/\/festines.bcardmexico.com\/?product=dulcero-de-frosen#primaryimage"},"thumbnailUrl":"https:\/\/festines.bcardmexico.com\/wp-content\/uploads\/2025\/07\/paw.jpg","datePublished":"2025-07-11T20:45:34+00:00","dateModified":"2025-08-15T00:04:51+00:00","breadcrumb":{"@id":"https:\/\/festines.bcardmexico.com\/?product=dulcero-de-frosen#breadcrumb"},"inLanguage":"en-US","potentialAction":[{"@type":"ReadAction","target":["https:\/\/festines.bcardmexico.com\/?product=dulcero-de-frosen"]}]},{"@type":"ImageObject","inLanguage":"en-US","@id":"https:\/\/festines.bcardmexico.com\/?product=dulcero-de-frosen#primaryimage","url":"https:\/\/festines.bcardmexico.com\/wp-content\/uploads\/2025\/07\/paw.jpg","contentUrl":"https:\/\/festines.bcardmexico.com\/wp-content\/uploads\/2025\/07\/paw.jpg","width":810,"height":750},{"@type":"BreadcrumbList","@id":"https:\/\/festines.bcardmexico.com\/?product=dulcero-de-frosen#breadcrumb","itemListElement":[{"@type":"ListItem","position":1,"name":"Home","item":"https:\/\/festines.bcardmexico.com\/"},{"@type":"ListItem","position":2,"name":"Products","item":"https:\/\/festines.bcardmexico.com\/?post_type=product"},{"@type":"ListItem","position":3,"name":"Caja de Dulces Pau Patrol"}]},{"@type":"WebSite","@id":"https:\/\/festines.bcardmexico.com\/#website","url":"https:\/\/festines.bcardmexico.com\/","name":"Peque\u00f1os Festines","description":"Peque\u00f1os Festines","alternateName":"Peque\u00f1os Festines","potentialAction":[{"@type":"SearchAction","target":{"@type":"EntryPoint","urlTemplate":"https:\/\/festines.bcardmexico.com\/?s={search_term_string}"},"query-input":{"@type":"PropertyValueSpecification","valueRequired":true,"valueName":"search_term_string"}}],"inLanguage":"en-US"}]}},"_links":{"self":[{"href":"https:\/\/festines.bcardmexico.com\/index.php?rest_route=\/wp\/v2\/product\/1742","targetHints":{"allow":["GET"]}}],"collection":[{"href":"https:\/\/festines.bcardmexico.com\/index.php?rest_route=\/wp\/v2\/product"}],"about":[{"href":"https:\/\/festines.bcardmexico.com\/index.php?rest_route=\/wp\/v2\/types\/product"}],"replies":[{"embeddable":true,"href":"https:\/\/festines.bcardmexico.com\/index.php?rest_route=%2Fwp%2Fv2%2Fcomments&post=1742"}],"version-history":[{"count":4,"href":"https:\/\/festines.bcardmexico.com\/index.php?rest_route=\/wp\/v2\/product\/1742\/revisions"}],"predecessor-version":[{"id":2209,"href":"https:\/\/festines.bcardmexico.com\/index.php?rest_route=\/wp\/v2\/product\/1742\/revisions\/2209"}],"wp:featuredmedia":[{"embeddable":true,"href":"https:\/\/festines.bcardmexico.com\/index.php?rest_route=\/wp\/v2\/media\/1740"}],"wp:attachment":[{"href":"https:\/\/festines.bcardmexico.com\/index.php?rest_route=%2Fwp%2Fv2%2Fmedia&parent=1742"}],"wp:term":[{"taxonomy":"brand","embeddable":true,"href":"https:\/\/festines.bcardmexico.com\/index.php?rest_route=%2Fwp%2Fv2%2Fetheme_brands&post=1742"},{"taxonomy":"product_brand","embeddable":true,"href":"https:\/\/festines.bcardmexico.com\/index.php?rest_route=%2Fwp%2Fv2%2Fproduct_brand&post=1742"},{"taxonomy":"product_cat","embeddable":true,"href":"https:\/\/festines.bcardmexico.com\/index.php?rest_route=%2Fwp%2Fv2%2Fproduct_cat&post=1742"},{"taxonomy":"product_tag","embeddable":true,"href":"https:\/\/festines.bcardmexico.com\/index.php?rest_route=%2Fwp%2Fv2%2Fproduct_tag&post=1742"}],"curies":[{"name":"wp","href":"https:\/\/api.w.org\/{rel}","templated":true}]}}