{"id":6,"date":"2018-02-19T09:48:37","date_gmt":"2018-02-19T09:48:37","guid":{"rendered":"https:\/\/xstore.8theme.com\/demos\/2\/baby-shop\/cart\/"},"modified":"2025-07-11T22:27:59","modified_gmt":"2025-07-11T22:27:59","slug":"cart","status":"publish","type":"page","link":"https:\/\/festines.bcardmexico.com\/?page_id=6","title":{"rendered":"Cart"},"content":{"rendered":"<div class=\"woocommerce\">\r\n<div class=\"woocommerce-notices-wrapper\"><\/div><div class=\"wc-empty-cart-message\">\n\t<div class=\"cart-empty woocommerce-info\">\n\t\tYour cart is currently empty.\t<\/div>\n<\/div>\r\n<div class=\"cart-empty empty-cart-block wc-empty-cart-message\">\r\n\t\t\t<h1 style=\"text-align: center;\">YOUR SHOPPING CART IS EMPTY<\/h1>\r\n<p style=\"text-align: center;\">We invite you to get acquainted with an assortment of our shop.\r\nSurely you can find something for yourself!<\/p>\t\t<\/div><\/div>\n","protected":false},"excerpt":{"rendered":"","protected":false},"author":1,"featured_media":0,"parent":0,"menu_order":0,"comment_status":"closed","ping_status":"closed","template":"","meta":{"footnotes":""},"class_list":["post-6","page","type-page","status-publish","hentry"],"yoast_head":"<!-- This site is optimized with the Yoast SEO Premium plugin v23.4 (Yoast SEO v23.4) - https:\/\/yoast.com\/wordpress\/plugins\/seo\/ -->\n<title>Cart - Ultimate Blogging Championship<\/title>\n<meta name=\"robots\" content=\"index, follow, max-snippet:-1, max-image-preview:large, max-video-preview:-1\" \/>\n<link rel=\"canonical\" href=\"https:\/\/festines.bcardmexico.com\/?page_id=6\" \/>\n<meta property=\"og:locale\" content=\"en_US\" \/>\n<meta property=\"og:type\" content=\"article\" \/>\n<meta property=\"og:title\" content=\"Cart\" \/>\n<meta property=\"og:url\" content=\"https:\/\/festines.bcardmexico.com\/?page_id=6\" \/>\n<meta property=\"og:site_name\" content=\"Ultimate Blogging Championship\" \/>\n<meta property=\"article:modified_time\" content=\"2025-07-11T22:27:59+00:00\" \/>\n<meta property=\"og:image\" content=\"https:\/\/festines.bcardmexico.com\/wp-content\/uploads\/2025\/07\/minimini.jpg\" \/>\n\t<meta property=\"og:image:width\" content=\"825\" \/>\n\t<meta property=\"og:image:height\" content=\"828\" \/>\n\t<meta property=\"og:image:type\" content=\"image\/jpeg\" \/>\n<meta name=\"twitter:card\" content=\"summary_large_image\" \/>\n<script type=\"application\/ld+json\" class=\"yoast-schema-graph\">{\"@context\":\"https:\/\/schema.org\",\"@graph\":[{\"@type\":\"WebPage\",\"@id\":\"https:\/\/festines.bcardmexico.com\/?page_id=6\",\"url\":\"https:\/\/festines.bcardmexico.com\/?page_id=6\",\"name\":\"Cart - Ultimate Blogging Championship\",\"isPartOf\":{\"@id\":\"https:\/\/festines.bcardmexico.com\/#website\"},\"datePublished\":\"2018-02-19T09:48:37+00:00\",\"dateModified\":\"2025-07-11T22:27:59+00:00\",\"breadcrumb\":{\"@id\":\"https:\/\/festines.bcardmexico.com\/?page_id=6#breadcrumb\"},\"inLanguage\":\"en-US\",\"potentialAction\":[{\"@type\":\"ReadAction\",\"target\":[\"https:\/\/festines.bcardmexico.com\/?page_id=6\"]}]},{\"@type\":\"BreadcrumbList\",\"@id\":\"https:\/\/festines.bcardmexico.com\/?page_id=6#breadcrumb\",\"itemListElement\":[{\"@type\":\"ListItem\",\"position\":1,\"name\":\"Home\",\"item\":\"https:\/\/festines.bcardmexico.com\/\"},{\"@type\":\"ListItem\",\"position\":2,\"name\":\"Cart\"}]},{\"@type\":\"WebSite\",\"@id\":\"https:\/\/festines.bcardmexico.com\/#website\",\"url\":\"https:\/\/festines.bcardmexico.com\/\",\"name\":\"Peque\u00f1os Festines\",\"description\":\"Peque\u00f1os Festines\",\"alternateName\":\"Peque\u00f1os Festines\",\"potentialAction\":[{\"@type\":\"SearchAction\",\"target\":{\"@type\":\"EntryPoint\",\"urlTemplate\":\"https:\/\/festines.bcardmexico.com\/?s={search_term_string}\"},\"query-input\":{\"@type\":\"PropertyValueSpecification\",\"valueRequired\":true,\"valueName\":\"search_term_string\"}}],\"inLanguage\":\"en-US\"}]}<\/script>\n<!-- \/ Yoast SEO Premium plugin. -->","yoast_head_json":{"title":"Cart - Ultimate Blogging Championship","robots":{"index":"index","follow":"follow","max-snippet":"max-snippet:-1","max-image-preview":"max-image-preview:large","max-video-preview":"max-video-preview:-1"},"canonical":"https:\/\/festines.bcardmexico.com\/?page_id=6","og_locale":"en_US","og_type":"article","og_title":"Cart","og_url":"https:\/\/festines.bcardmexico.com\/?page_id=6","og_site_name":"Ultimate Blogging Championship","article_modified_time":"2025-07-11T22:27:59+00:00","og_image":[{"width":825,"height":828,"url":"https:\/\/festines.bcardmexico.com\/wp-content\/uploads\/2025\/07\/minimini.jpg","type":"image\/jpeg"}],"twitter_card":"summary_large_image","schema":{"@context":"https:\/\/schema.org","@graph":[{"@type":"WebPage","@id":"https:\/\/festines.bcardmexico.com\/?page_id=6","url":"https:\/\/festines.bcardmexico.com\/?page_id=6","name":"Cart - Ultimate Blogging Championship","isPartOf":{"@id":"https:\/\/festines.bcardmexico.com\/#website"},"datePublished":"2018-02-19T09:48:37+00:00","dateModified":"2025-07-11T22:27:59+00:00","breadcrumb":{"@id":"https:\/\/festines.bcardmexico.com\/?page_id=6#breadcrumb"},"inLanguage":"en-US","potentialAction":[{"@type":"ReadAction","target":["https:\/\/festines.bcardmexico.com\/?page_id=6"]}]},{"@type":"BreadcrumbList","@id":"https:\/\/festines.bcardmexico.com\/?page_id=6#breadcrumb","itemListElement":[{"@type":"ListItem","position":1,"name":"Home","item":"https:\/\/festines.bcardmexico.com\/"},{"@type":"ListItem","position":2,"name":"Cart"}]},{"@type":"WebSite","@id":"https:\/\/festines.bcardmexico.com\/#website","url":"https:\/\/festines.bcardmexico.com\/","name":"Peque\u00f1os Festines","description":"Peque\u00f1os Festines","alternateName":"Peque\u00f1os Festines","potentialAction":[{"@type":"SearchAction","target":{"@type":"EntryPoint","urlTemplate":"https:\/\/festines.bcardmexico.com\/?s={search_term_string}"},"query-input":{"@type":"PropertyValueSpecification","valueRequired":true,"valueName":"search_term_string"}}],"inLanguage":"en-US"}]}},"_links":{"self":[{"href":"https:\/\/festines.bcardmexico.com\/index.php?rest_route=\/wp\/v2\/pages\/6","targetHints":{"allow":["GET"]}}],"collection":[{"href":"https:\/\/festines.bcardmexico.com\/index.php?rest_route=\/wp\/v2\/pages"}],"about":[{"href":"https:\/\/festines.bcardmexico.com\/index.php?rest_route=\/wp\/v2\/types\/page"}],"author":[{"embeddable":true,"href":"https:\/\/festines.bcardmexico.com\/index.php?rest_route=\/wp\/v2\/users\/1"}],"replies":[{"embeddable":true,"href":"https:\/\/festines.bcardmexico.com\/index.php?rest_route=%2Fwp%2Fv2%2Fcomments&post=6"}],"version-history":[{"count":1,"href":"https:\/\/festines.bcardmexico.com\/index.php?rest_route=\/wp\/v2\/pages\/6\/revisions"}],"predecessor-version":[{"id":1873,"href":"https:\/\/festines.bcardmexico.com\/index.php?rest_route=\/wp\/v2\/pages\/6\/revisions\/1873"}],"wp:attachment":[{"href":"https:\/\/festines.bcardmexico.com\/index.php?rest_route=%2Fwp%2Fv2%2Fmedia&parent=6"}],"curies":[{"name":"wp","href":"https:\/\/api.w.org\/{rel}","templated":true}]}}